{"id":687,"date":"2024-04-15T16:29:34","date_gmt":"2024-04-15T16:29:34","guid":{"rendered":"https:\/?page_id=687"},"modified":"2024-08-27T23:36:44","modified_gmt":"2024-08-27T23:36:44","slug":"parametres-des-cookies","status":"publish","type":"page","link":"https:\/\/dolce-villa.com\/it\/parametres-des-cookies\/","title":{"rendered":"Impostazioni dei cookie"},"content":{"rendered":"<h1>Informativa sui cookie<\/h1>\n<h2>Cosa sono i biscotti?<\/h2>\n<p>I cookie sono piccoli file di dati (file di memoria) memorizzati sul vostro computer o dispositivo tramite il vostro browser dai siti che visitate. Come \u00e8 prassi comune in quasi tutti i siti web, questo sito utilizza i cookie per migliorare l'esperienza dell'utente ricordando le sue preferenze e abilitando altre funzioni basate sui cookie (come l'analisi), sia per una singola visita (tramite un \"cookie di sessione\") sia per visite ripetute (tramite un \"cookie persistente\").<\/p>\n<h2>I nostri cookie<\/h2>\n<p>Utilizziamo i cookie per diversi scopi.<\/p>\n<ul>\n<li>Se l'utente invia dati tramite un modulo, come quelli presenti nelle pagine di contatto, nei moduli di commento o di iscrizione al blog, \u00e8 possibile che vengano impostati dei cookie per ricordare i dati dell'utente per la corrispondenza futura.<\/li>\n<li>Se l'utente invia informazioni tramite un widget di chat dal vivo, i cookie possono essere impostati per ricordare i suoi dati utente in modo da poter continuare la conversazione la volta successiva che torna sul sito.<\/li>\n<li>Se acquistate articoli tramite e-commerce, i cookie possono essere impostati per consentirvi di aggiungere prodotti al vostro carrello, per visualizzare la pagina per il dispositivo che state utilizzando, per controllare i vostri dati quando effettuate un ordine e per consentirci di elaborare il pagamento di un ordine.<\/li>\n<\/ul>\n<h2>Cookie di terze parti<\/h2>\n<p>In casi particolari, utilizziamo anche cookie forniti da terze parti fidate, come Google Analytics. Le analisi di terze parti sono utilizzate per tracciare e misurare l'uso di questo sito in modo da poter continuare a produrre contenuti coinvolgenti.<\/p>\n<h2>Gestione dei cookie<\/h2>\n<p>Quando si accede a un sito per la prima volta, \u00e8 possibile che si riceva un messaggio che informa dell'utilizzo di cookie e tecnologie simili. Facendo clic su \"accetta tutto\", l'utente dichiara di comprendere e accettare l'uso di queste tecnologie, come descritto nella presente Politica sui cookie. Facendo clic su \"Impostazioni\", \u00e8 possibile scegliere di accettare o rifiutare specifici cookie.<\/p>\n<p>L'utente pu\u00f2 ritirare il proprio consenso in qualsiasi momento. La maggior parte dei browser consente di rifiutare o accettare i cookie. \u00c8 inoltre possibile eliminare i cookie dalle impostazioni del browser. Si noti che la disattivazione dei cookie pu\u00f2 compromettere la funzionalit\u00e0 di questo sito e di molti altri siti web visitati. Si consiglia pertanto di non disattivare i cookie.<\/p>\n<p>Per sapere come gestire, bloccare o eliminare i cookie per i browser pi\u00f9 diffusi, consultare i seguenti link:<\/p>\n<p>Microsoft Internet Explorer:<br \/>\n<a href=\"https:\/\/support.microsoft.com\/en-gb\/help\/17442\/windows-internet-explorer-delete-manage-cookies\">https:\/\/support.microsoft.com\/en-gb\/help\/17442\/windows-internet-explorer-delete-manage-cookies<\/a><\/p>\n<p>Google Chrome:<br \/>\n<a href=\"https:\/\/support.google.com\/chrome\/answer\/95647?co=GENIE.Platform%3DDesktop&amp;hl=en\">https:\/\/support.google.com\/chrome\/answer\/95647?co=GENIE.Platform%3DDesktop&amp;hl=en<\/a><\/p>\n<p>Mozilla Firefox:<br \/>\n<a href=\"https:\/\/support.mozilla.org\/en-US\/kb\/enable-and-disable-cookies-website-preferences\">https:\/\/support.mozilla.org\/en-US\/kb\/enable-and-disable-cookies-website-preferences<\/a><\/p>\n<p>Apple Safari:<br \/>\n<a href=\"https:\/\/support.apple.com\/en-gb\/guide\/safari\/sfri11471\/mac\">https:\/\/support.apple.com\/en-gb\/guide\/safari\/sfri11471\/mac<\/a><\/p>\n<p>Per saperne di pi\u00f9 su come gestire ed eliminare i cookie, visitare il sito aboutcookies.org. Per maggiori dettagli sulle vostre scelte in merito all'utilizzo della vostra attivit\u00e0 di navigazione web per la pubblicit\u00e0 basata sugli interessi, potete visitare i seguenti siti:<\/p>\n<ul>\n<li>networkadvertising.org<\/li>\n<li>optout.aboutads.info<\/li>\n<li>youradchoices.com<\/li>\n<li>youronlinechoices.eu<\/li>\n<\/ul>\n<h2>Generale<\/h2>\n<p class=\"general\">Potremmo modificare questa politica di tanto in tanto. Si prega di controllare regolarmente questa politica per eventuali modifiche. Il nostro sito \u00e8 ospitato su Strikingly Inc. che ci fornisce la\u00a0<a href=\"https:\/\/fr.strikingly.com\/\">piattaforma online<\/a>\u00a0che ci permette di\u00a0<a href=\"https:\/\/fr.strikingly.com\/\">creare un sito<\/a>.<\/p>\n<p>I cookie sono uno dei modi in cui rispettiamo le linee guida del GDPR. Per saperne di pi\u00f9 su Strikingly, potreste trovare utili i seguenti link:\u00a0<a href=\"https:\/\/www.youtube.com\/channel\/UC4I-TRQbiWfEdDvldAXg5ew\" target=\"_blank\" rel=\"noopener\">Youtube<\/a>\u00a0<a href=\"https:\/\/www.facebook.com\/strikingly\/\" target=\"_blank\" rel=\"noopener\">Facebook<\/a>\u00a0<a href=\"https:\/\/twitter.com\/strikingly\" target=\"_blank\" rel=\"noopener\">Twitter<\/a>\u00a0<a href=\"https:\/\/www.sxl.cn\/\" target=\"_blank\" rel=\"noopener\">SXL<\/a><\/p>","protected":false},"excerpt":{"rendered":"<p>Politique sur les cookies Qu&rsquo;est-ce que sont les cookies ? Les cookies sont de petits fichiers de donn\u00e9es (fichiers de m\u00e9moire) stock\u00e9s sur votre ordinateur ou votre appareil via votre navigateur par les sites que vous visitez. Comme c&rsquo;est la pratique courante sur presque tous les sites Web, ce site utilise des cookies pour am\u00e9liorer [&hellip;]<\/p>","protected":false},"author":1,"featured_media":0,"parent":0,"menu_order":0,"comment_status":"closed","ping_status":"closed","template":"","meta":{"footnotes":""},"class_list":["post-687","page","type-page","status-publish","hentry"],"_links":{"self":[{"href":"https:\/\/dolce-villa.com\/it\/wp-json\/wp\/v2\/pages\/687","targetHints":{"allow":["GET"]}}],"collection":[{"href":"https:\/\/dolce-villa.com\/it\/wp-json\/wp\/v2\/pages"}],"about":[{"href":"https:\/\/dolce-villa.com\/it\/wp-json\/wp\/v2\/types\/page"}],"author":[{"embeddable":true,"href":"https:\/\/dolce-villa.com\/it\/wp-json\/wp\/v2\/users\/1"}],"replies":[{"embeddable":true,"href":"https:\/\/dolce-villa.com\/it\/wp-json\/wp\/v2\/comments?post=687"}],"version-history":[{"count":2,"href":"https:\/\/dolce-villa.com\/it\/wp-json\/wp\/v2\/pages\/687\/revisions"}],"predecessor-version":[{"id":1061,"href":"https:\/\/dolce-villa.com\/it\/wp-json\/wp\/v2\/pages\/687\/revisions\/1061"}],"wp:attachment":[{"href":"https:\/\/dolce-villa.com\/it\/wp-json\/wp\/v2\/media?parent=687"}],"curies":[{"name":"wp","href":"https:\/\/api.w.org\/{rel}","templated":true}]}}