{"id":685,"date":"2024-04-15T16:27:42","date_gmt":"2024-04-15T16:27:42","guid":{"rendered":"https:\/?page_id=685"},"modified":"2024-08-27T23:36:31","modified_gmt":"2024-08-27T23:36:31","slug":"mention-legales","status":"publish","type":"page","link":"https:\/\/dolce-villa.com\/it\/mention-legales\/","title":{"rendered":"Avviso legale"},"content":{"rendered":"<h2>Dichiarazione di non responsabilit\u00e0<\/h2>\n<p>Tutte le informazioni e i dati presenti sul nostro sito web sono stati attentamente controllati e verificati da Websitegap (Dolce-Villa.com). Tuttavia, Dolce-Villa.com non pu\u00f2 essere ritenuta responsabile dell'accuratezza, della completezza e dell'aggiornamento di tali informazioni.<\/p>\n<p>Tutte le informazioni hanno lo scopo esclusivo di informare il visitatore sull'offerta presentata online. Inoltre, la responsabilit\u00e0 \u00e8 limitata ai casi di grave negligenza e dolo. I rispettivi fornitori sono responsabili dei siti web di terzi ai quali Dolce-Villa.com rimanda tramite collegamento ipertestuale. Dolce-Villa.com non \u00e8 responsabile del contenuto di questi siti web di terzi.<\/p>\n<p>\u00c8 anche possibile che un altro sito possa collegarsi a Dolce-Villa.com senza che Dolce-Villa.com ne sia a conoscenza. Dolce-Villa.com non pu\u00f2 essere ritenuta responsabile della presentazione, del contenuto o di qualsiasi link a Dolce-Villa.com in siti web di terzi.<\/p>\n<p>Dolce-Villa.com si riserva inoltre il diritto di modificare o integrare le informazioni fornite. Il contenuto e la struttura del sito Dolce-Villa.com sono protetti da copyright. \u00c8 vietata la riproduzione di contenuti o dati, in particolare l'utilizzo di testi, sezioni di testo o materiale di immagine senza il preventivo consenso scritto di Dolce-Villa.com.<\/p>\n<p>Questo sito web utilizza Google Analytics, un servizio di analisi online fornito da Google Inc (\"Google\"). Google Analytics utilizza dei \"cookies\", file di testo che vengono depositati sul vostro computer per consentire al sito web di analizzare come gli utenti utilizzano il sito. Le informazioni generate dal cookie di Google Analytics sull'utilizzo di questo sito web da parte dell'utente (compreso il suo indirizzo IP) verranno trasmesse e memorizzate da Google Inc. su un server negli Stati Uniti. Google utilizzer\u00e0 queste informazioni per valutare l'utilizzo del sito web da parte degli utenti, per redigere rapporti sulle attivit\u00e0 del sito web per gli operatori del sito e per fornire altri servizi relativi alle attivit\u00e0 del sito web e all'utilizzo di Internet. Google pu\u00f2 anche trasferire queste informazioni a terzi, ove ci\u00f2 sia imposto dalla legge o laddove tali terzi trattino le informazioni per conto di Google. Potete rifiutarvi di usare i cookie selezionando l'impostazione appropriata sul vostro browser, ma tenete presente che in tal caso potreste non essere in grado di utilizzare tutte le funzionalit\u00e0 di questo sito web. Si prega di notare, tuttavia, che se si esegue questa operazione si potrebbe non essere in grado di utilizzare tutte le funzionalit\u00e0 del sito web. Utilizzando il presente sito web, l'utente acconsente al trattamento dei propri dati da parte di Google per le modalit\u00e0 e i fini sopraindicati.<\/p>\n<h3>Responsabile dei contenuti<\/h3>\n<p>Sito webegap<br \/>\nRue de la Maison Blanche, 3<br \/>\n6730 - Tintigny<br \/>\nBelgio<\/p>\n<p><u><a href=\"\/it\/info@websitegap.com\/\">info@websitegap.com<\/a><\/u><br \/>\n<u><a href=\"http:\/\/www.websitegap.com\">www.websitegap.com<\/a><\/u><\/p>\n<p><strong>Numero di partita IVA<\/strong>:<br \/>\n0848.622.217<\/p>\n<p><strong>Sede centrale<\/strong>:<br \/>\nRue de la Maison Blanche, 3 B-6730 - Tintigny<\/p>","protected":false},"excerpt":{"rendered":"<p>Avis de non-responsabilit\u00e9s Toutes les informations et donn\u00e9es reprises dans notre site Web ont \u00e9t\u00e9 soigneusement contr\u00f4l\u00e9es et v\u00e9rifi\u00e9es par Websitegap (Dolce-Villa.com). Ces informations constituent un service de Dolce-Villa.com ne peut toutefois pas \u00eatre tenue pour responsable de l\u02bcexactitude, de l&rsquo;exhaustivit\u00e9 et de l&rsquo;actualit\u00e9 de ces informations. Toutes les informations sont exclusivement destin\u00e9es \u00e0 informer [&hellip;]<\/p>","protected":false},"author":1,"featured_media":0,"parent":0,"menu_order":0,"comment_status":"closed","ping_status":"closed","template":"","meta":{"footnotes":""},"class_list":["post-685","page","type-page","status-publish","hentry"],"_links":{"self":[{"href":"https:\/\/dolce-villa.com\/it\/wp-json\/wp\/v2\/pages\/685","targetHints":{"allow":["GET"]}}],"collection":[{"href":"https:\/\/dolce-villa.com\/it\/wp-json\/wp\/v2\/pages"}],"about":[{"href":"https:\/\/dolce-villa.com\/it\/wp-json\/wp\/v2\/types\/page"}],"author":[{"embeddable":true,"href":"https:\/\/dolce-villa.com\/it\/wp-json\/wp\/v2\/users\/1"}],"replies":[{"embeddable":true,"href":"https:\/\/dolce-villa.com\/it\/wp-json\/wp\/v2\/comments?post=685"}],"version-history":[{"count":4,"href":"https:\/\/dolce-villa.com\/it\/wp-json\/wp\/v2\/pages\/685\/revisions"}],"predecessor-version":[{"id":992,"href":"https:\/\/dolce-villa.com\/it\/wp-json\/wp\/v2\/pages\/685\/revisions\/992"}],"wp:attachment":[{"href":"https:\/\/dolce-villa.com\/it\/wp-json\/wp\/v2\/media?parent=685"}],"curies":[{"name":"wp","href":"https:\/\/api.w.org\/{rel}","templated":true}]}}