{"id":687,"date":"2024-04-15T16:29:34","date_gmt":"2024-04-15T16:29:34","guid":{"rendered":"https:\/?page_id=687"},"modified":"2024-08-27T23:36:44","modified_gmt":"2024-08-27T23:36:44","slug":"parametres-des-cookies","status":"publish","type":"page","link":"https:\/\/dolce-villa.com\/fr\/parametres-des-cookies\/","title":{"rendered":"Param\u00e8tres des cookies"},"content":{"rendered":"<h1>Politique sur les cookies<\/h1>\n<h2>Qu&rsquo;est-ce que sont les cookies ?<\/h2>\n<p>Les cookies sont de petits fichiers de donn\u00e9es (fichiers de m\u00e9moire) stock\u00e9s sur votre ordinateur ou votre appareil via votre navigateur par les sites que vous visitez. Comme c&rsquo;est la pratique courante sur presque tous les sites Web, ce site utilise des cookies pour am\u00e9liorer votre exp\u00e9rience en m\u00e9morisant vos pr\u00e9f\u00e9rences et en activant d&rsquo;autres fonctions bas\u00e9es sur les cookies (par exemple, l&rsquo;analyse), soit pour une seule visite (via un \u00ab\u00a0cookie de session\u00a0\u00bb) ou pour plusieurs visites r\u00e9p\u00e9t\u00e9es (via un \u00ab\u00a0cookie permanent\u00a0\u00bb).<\/p>\n<h2>Nos Cookies<\/h2>\n<p>Nous utilisons les cookies \u00e0 diff\u00e9rentes fins.<\/p>\n<ul>\n<li>Si vous soumettez des donn\u00e9es par le biais d&rsquo;un formulaire tel que ceux que vous trouverez sur les pages de contact, les formulaires de commentaires ou l&rsquo;abonnement au blog, des cookies peuvent \u00eatre configur\u00e9s pour m\u00e9moriser vos d\u00e9tails d&rsquo;utilisateur pour une future correspondance.<\/li>\n<li>Si vous soumettez des informations par le biais d&rsquo;un widget de chat en direct, des cookies peuvent \u00eatre configur\u00e9s pour m\u00e9moriser vos d\u00e9tails d&rsquo;utilisateur afin que vous puissiez continuer une conversation la prochaine fois que vous revenez sur le site.<\/li>\n<li>Si vous achetez des articles via le ecommerce, des cookies peuvent \u00eatre configur\u00e9s pour vous permettre d&rsquo;ajouter des produits \u00e0 votre panier, d&rsquo;afficher la page correspondant \u00e0 l&rsquo;appareil que vous utilisez, de v\u00e9rifier vos d\u00e9tails lorsque vous passez une commande et de nous permettre de traiter le paiement pour une commande.<\/li>\n<\/ul>\n<h2>Cookies de tiers<\/h2>\n<p>Dans des cas particuliers, nous utilisons \u00e9galement des cookies fournis par des tiers de confiance comme Google Analytics. Des analyses de tierces parties sont utilis\u00e9es pour suivre et mesurer l&rsquo;utilisation de ce site afin que nous puissions continuer \u00e0 produire un contenu attrayant.<\/p>\n<h2>Gestion des cookies<\/h2>\n<p>Lorsque vous acc\u00e9dez \u00e0 un site pour la premi\u00e8re fois, vous pouvez recevoir un message vous informant que des cookies et des technologies similaires sont utilis\u00e9s. En cliquant sur \u00ab\u00a0accepter tout\u00a0\u00bb, vous indiquez que vous comprenez et acceptez l&rsquo;utilisation de ces technologies, comme d\u00e9crit dans la pr\u00e9sente Politique en mati\u00e8re de Cookies. En cliquant sur \u00ab\u00a0Param\u00e8tres\u00a0\u00bb, vous pouvez choisir d&rsquo;accepter ou de refuser des cookies sp\u00e9cifiques.<\/p>\n<p>Vous pouvez retirer votre consentement en tout temps. La plupart des navigateurs vous permettent de refuser ou d&rsquo;accepter les cookies. Vous pouvez \u00e9galement supprimer les cookies des param\u00e8tres de votre navigateur. Sachez que la d\u00e9sactivation des cookies peut affecter la fonctionnalit\u00e9 de ce site et de nombreux autres sites Web que vous visitez. Par cons\u00e9quent, il est recommand\u00e9 de ne pas d\u00e9sactiver les cookies.<\/p>\n<p>Veuillez consulter les liens suivants pour savoir comment g\u00e9rer, bloquer ou supprimer les cookies pour les navigateurs les plus populaires :<\/p>\n<p>Microsoft Internet Explorer:<br \/>\n<a href=\"https:\/\/support.microsoft.com\/en-gb\/help\/17442\/windows-internet-explorer-delete-manage-cookies\">https:\/\/support.microsoft.com\/en-gb\/help\/17442\/windows-internet-explorer-delete-manage-cookies<\/a><\/p>\n<p>Google Chrome:<br \/>\n<a href=\"https:\/\/support.google.com\/chrome\/answer\/95647?co=GENIE.Platform%3DDesktop&amp;hl=en\">https:\/\/support.google.com\/chrome\/answer\/95647?co=GENIE.Platform%3DDesktop&amp;hl=en<\/a><\/p>\n<p>Mozilla Firefox:<br \/>\n<a href=\"https:\/\/support.mozilla.org\/en-US\/kb\/enable-and-disable-cookies-website-preferences\">https:\/\/support.mozilla.org\/en-US\/kb\/enable-and-disable-cookies-website-preferences<\/a><\/p>\n<p>Apple Safari:<br \/>\n<a href=\"https:\/\/support.apple.com\/en-gb\/guide\/safari\/sfri11471\/mac\">https:\/\/support.apple.com\/en-gb\/guide\/safari\/sfri11471\/mac<\/a><\/p>\n<p>Pour en savoir plus sur la fa\u00e7on de g\u00e9rer et de supprimer les cookies, visitez le site aboutcookies.org. Pour plus de d\u00e9tails sur vos choix concernant l&rsquo;utilisation de votre activit\u00e9 de navigation sur le Web pour la publicit\u00e9 bas\u00e9e sur les int\u00e9r\u00eats, vous pouvez visiter les sites suivants :<\/p>\n<ul>\n<li>networkadvertising.org<\/li>\n<li>optout.aboutads.info<\/li>\n<li>youradchoices.com<\/li>\n<li>youronlinechoices.eu<\/li>\n<\/ul>\n<h2>G\u00e9n\u00e9ral<\/h2>\n<p class=\"general\">We may edit this policy from time to time. Please check this policy regularly for any changes. Our site is hosted on Strikingly Inc. They provide us with the\u00a0<a href=\"https:\/\/fr.strikingly.com\/\">plateforme en ligne<\/a>\u00a0that allows us to\u00a0<a href=\"https:\/\/fr.strikingly.com\/\">cr\u00e9er un site<\/a>.<\/p>\n<p>Les Cookies sont l&rsquo;un des moyens par lesquels nous nous conformons aux directives du GDPR. Pour en savoir plus sur Strikingly, les liens suivants peuvent vous \u00eatre utiles :\u00a0<a href=\"https:\/\/www.youtube.com\/channel\/UC4I-TRQbiWfEdDvldAXg5ew\" target=\"_blank\" rel=\"noopener\">Youtube<\/a>\u00a0<a href=\"https:\/\/www.facebook.com\/strikingly\/\" target=\"_blank\" rel=\"noopener\">Facebook<\/a>\u00a0<a href=\"https:\/\/twitter.com\/strikingly\" target=\"_blank\" rel=\"noopener\">Twitter<\/a>\u00a0<a href=\"https:\/\/www.sxl.cn\/\" target=\"_blank\" rel=\"noopener\">SXL<\/a><\/p>\n","protected":false},"excerpt":{"rendered":"<p>Politique sur les cookies Qu&rsquo;est-ce que sont les cookies ? Les cookies sont de petits fichiers de donn\u00e9es (fichiers de m\u00e9moire) stock\u00e9s sur votre ordinateur ou votre appareil via votre navigateur par les sites que vous visitez. Comme c&rsquo;est la pratique courante sur presque tous les sites Web, ce site utilise des cookies pour am\u00e9liorer [&hellip;]<\/p>\n","protected":false},"author":1,"featured_media":0,"parent":0,"menu_order":0,"comment_status":"closed","ping_status":"closed","template":"","meta":{"footnotes":""},"class_list":["post-687","page","type-page","status-publish","hentry"],"_links":{"self":[{"href":"https:\/\/dolce-villa.com\/fr\/wp-json\/wp\/v2\/pages\/687","targetHints":{"allow":["GET"]}}],"collection":[{"href":"https:\/\/dolce-villa.com\/fr\/wp-json\/wp\/v2\/pages"}],"about":[{"href":"https:\/\/dolce-villa.com\/fr\/wp-json\/wp\/v2\/types\/page"}],"author":[{"embeddable":true,"href":"https:\/\/dolce-villa.com\/fr\/wp-json\/wp\/v2\/users\/1"}],"replies":[{"embeddable":true,"href":"https:\/\/dolce-villa.com\/fr\/wp-json\/wp\/v2\/comments?post=687"}],"version-history":[{"count":2,"href":"https:\/\/dolce-villa.com\/fr\/wp-json\/wp\/v2\/pages\/687\/revisions"}],"predecessor-version":[{"id":1061,"href":"https:\/\/dolce-villa.com\/fr\/wp-json\/wp\/v2\/pages\/687\/revisions\/1061"}],"wp:attachment":[{"href":"https:\/\/dolce-villa.com\/fr\/wp-json\/wp\/v2\/media?parent=687"}],"curies":[{"name":"wp","href":"https:\/\/api.w.org\/{rel}","templated":true}]}}