{"id":685,"date":"2024-04-15T16:27:42","date_gmt":"2024-04-15T16:27:42","guid":{"rendered":"https:\/?page_id=685"},"modified":"2024-08-27T23:36:31","modified_gmt":"2024-08-27T23:36:31","slug":"mention-legales","status":"publish","type":"page","link":"https:\/\/dolce-villa.com\/fr\/mention-legales\/","title":{"rendered":"Mention l\u00e9gales"},"content":{"rendered":"<h2>Avis de non-responsabilit\u00e9s<\/h2>\n<p>Toutes les informations et donn\u00e9es reprises dans notre site Web ont \u00e9t\u00e9 soigneusement contr\u00f4l\u00e9es et v\u00e9rifi\u00e9es par Websitegap (Dolce-Villa.com). Ces informations constituent un service de Dolce-Villa.com ne peut toutefois pas \u00eatre tenue pour responsable de l\u02bcexactitude, de l&rsquo;exhaustivit\u00e9 et de l&rsquo;actualit\u00e9 de ces informations.<\/p>\n<p>Toutes les informations sont exclusivement destin\u00e9es \u00e0 informer le visiteur sur l&rsquo;offre pr\u00e9sent\u00e9e en ligne. En outre, la responsabilit\u00e9 est limit\u00e9e aux cas de n\u00e9gligence grave et intentionnels. Les fournisseurs respectifs sont responsables des sites Web tiers auxquels Dolce-Villa.com renvoie par hyperlien. Dolce-Villa.com n\u02bcest pas responsable du contenu de ces sites tiers.<\/p>\n<p>Il se peut par ailleurs qu&rsquo;un autre site renvoie \u00e0 Dolce-Villa.com sans que l&rsquo;entreprise ne le sache. Dolce-Villa.com ne peut \u00eatre tenue responsable de la pr\u00e9sentation, du contenu ou de toute liaison \u00e0 Dolce-Villa.com dans les sites Web de tierces parties.<\/p>\n<p>Dolce-Villa.com se r\u00e9serve en outre le droit de modifier ou de compl\u00e9ter les informations mises \u00e0 disposition. Le contenu et la structure du site Web de Dolce-Villa.com sont prot\u00e9g\u00e9s par des droits d\u02bcauteur. La reproduction des contenus ou des donn\u00e9es, en particulier l&rsquo;utilisation des textes, des parties de texte ou du mat\u00e9riel imag\u00e9 sans l&rsquo;autorisation \u00e9crite pr\u00e9alable de Dolce-Villa.com est interdite.<\/p>\n<p>Ce site Web utilise Google Analytics, un service d\u02bcanalyse en ligne de Google Inc. (\u00ab Google \u00bb). Google Analytics utilise des \u00ab Cookies \u00bb, des fichiers textuels qui sont enregistr\u00e9s sur votre ordinateur et qui permettent d&rsquo;analyser votre utilisation du site Web. Les informations recueillies par le cookie Google Analytics sur votre utilisation de ce site Web (dont votre adresse IP) sont transmises et stock\u00e9es dans un serveur de Google Inc. aux Etats-Unis. Google utilisera ces donn\u00e9es pour analyser votre utilisation du site Web, pour r\u00e9diger des rapports sur les activit\u00e9s du site Web pour les exploitants du site et pour proposer d&rsquo;autres services relatifs \u00e0 l&rsquo;utilisation du site Web et d\u02bcInternet. Google peut transmettre ces informations \u00e0 des tiers conform\u00e9ment aux dispositions l\u00e9gales ou si ces tierces parties traitent lesdites informations pour le compte de Google. Vous pouvez emp\u00eacher l\u02bcinstallation des cookies dans les param\u00e8tres de votre navigateur. Nous vous informons toutefois que dans ce cas, vous ne pourrez pas utiliser pleinement toutes les fonctions du site Web. En utilisant ce site Web, vous marquez votre accord pour que vos donn\u00e9es soient trait\u00e9es par Google de la mani\u00e8re et aux fins susmentionn\u00e9es.<\/p>\n<h3>Responsable du contenu<\/h3>\n<p>Websitegap<br \/>\nRue de la Maison Blanche, 3<br \/>\n6730 &#8211; Tintigny<br \/>\nBelgique<\/p>\n<p><u><a href=\"info@websitegap.com\">info@websitegap.com<\/a><\/u><br \/>\n<u><a href=\"http:\/\/www.websitegap.com\">www.websitegap.com<\/a><\/u><\/p>\n<p><strong>Num\u00e9ro de TVA<\/strong>:<br \/>\nBE 0848.622.217<\/p>\n<p><strong>Si\u00e8ge social<\/strong>:<br \/>\nRue de la Maison Blanche, 3 B-6730 &#8211; Tintigny<\/p>\n","protected":false},"excerpt":{"rendered":"<p>Avis de non-responsabilit\u00e9s Toutes les informations et donn\u00e9es reprises dans notre site Web ont \u00e9t\u00e9 soigneusement contr\u00f4l\u00e9es et v\u00e9rifi\u00e9es par Websitegap (Dolce-Villa.com). Ces informations constituent un service de Dolce-Villa.com ne peut toutefois pas \u00eatre tenue pour responsable de l\u02bcexactitude, de l&rsquo;exhaustivit\u00e9 et de l&rsquo;actualit\u00e9 de ces informations. Toutes les informations sont exclusivement destin\u00e9es \u00e0 informer [&hellip;]<\/p>\n","protected":false},"author":1,"featured_media":0,"parent":0,"menu_order":0,"comment_status":"closed","ping_status":"closed","template":"","meta":{"footnotes":""},"class_list":["post-685","page","type-page","status-publish","hentry"],"_links":{"self":[{"href":"https:\/\/dolce-villa.com\/fr\/wp-json\/wp\/v2\/pages\/685","targetHints":{"allow":["GET"]}}],"collection":[{"href":"https:\/\/dolce-villa.com\/fr\/wp-json\/wp\/v2\/pages"}],"about":[{"href":"https:\/\/dolce-villa.com\/fr\/wp-json\/wp\/v2\/types\/page"}],"author":[{"embeddable":true,"href":"https:\/\/dolce-villa.com\/fr\/wp-json\/wp\/v2\/users\/1"}],"replies":[{"embeddable":true,"href":"https:\/\/dolce-villa.com\/fr\/wp-json\/wp\/v2\/comments?post=685"}],"version-history":[{"count":4,"href":"https:\/\/dolce-villa.com\/fr\/wp-json\/wp\/v2\/pages\/685\/revisions"}],"predecessor-version":[{"id":992,"href":"https:\/\/dolce-villa.com\/fr\/wp-json\/wp\/v2\/pages\/685\/revisions\/992"}],"wp:attachment":[{"href":"https:\/\/dolce-villa.com\/fr\/wp-json\/wp\/v2\/media?parent=685"}],"curies":[{"name":"wp","href":"https:\/\/api.w.org\/{rel}","templated":true}]}}