{"id":687,"date":"2024-04-15T16:29:34","date_gmt":"2024-04-15T16:29:34","guid":{"rendered":"https:\/?page_id=687"},"modified":"2024-08-27T23:36:44","modified_gmt":"2024-08-27T23:36:44","slug":"parametres-des-cookies","status":"publish","type":"page","link":"https:\/\/dolce-villa.com\/es\/parametres-des-cookies\/","title":{"rendered":"Configuraci\u00f3n de cookies"},"content":{"rendered":"<h1>Pol\u00edtica de cookies<\/h1>\n<h2>\u00bfQu\u00e9 son las cookies?<\/h2>\n<p>Las cookies son peque\u00f1os archivos de datos (archivos de memoria) que los sitios que visita almacenan en su ordenador o dispositivo a trav\u00e9s de su navegador. Como es pr\u00e1ctica com\u00fan en casi todos los sitios web, este sitio utiliza cookies para mejorar su experiencia recordando sus preferencias y habilitando otras funciones basadas en cookies (como las anal\u00edticas), ya sea para una sola visita (mediante una \"cookie de sesi\u00f3n\") o para visitas repetidas (mediante una \"cookie persistente\").<\/p>\n<h2>Nuestras cookies<\/h2>\n<p>Utilizamos cookies con distintos fines.<\/p>\n<ul>\n<li>Si env\u00eda datos a trav\u00e9s de un formulario, como los que se encuentran en las p\u00e1ginas de contacto, formularios de comentarios o suscripciones a blogs, es posible que se instalen cookies para recordar sus datos de usuario para futuras correspondencias.<\/li>\n<li>Si env\u00eda informaci\u00f3n a trav\u00e9s de un widget de chat en directo, es posible que se instalen cookies para recordar sus datos de usuario, de modo que pueda continuar la conversaci\u00f3n la pr\u00f3xima vez que vuelva al sitio.<\/li>\n<li>Si compra art\u00edculos a trav\u00e9s del comercio electr\u00f3nico, pueden instalarse cookies para permitirle a\u00f1adir productos a su cesta, mostrar la p\u00e1gina para el dispositivo que est\u00e1 utilizando, comprobar sus datos cuando realiza un pedido y permitirnos procesar el pago de un pedido.<\/li>\n<\/ul>\n<h2>Cookies de terceros<\/h2>\n<p>En determinados casos, tambi\u00e9n utilizamos cookies proporcionadas por terceros de confianza, como Google Analytics. Las anal\u00edticas de terceros se utilizan para rastrear y medir el uso de este sitio, de modo que podamos seguir produciendo contenidos atractivos.<\/p>\n<h2>Gesti\u00f3n de cookies<\/h2>\n<p>Cuando acceda a un sitio por primera vez, es posible que reciba un mensaje inform\u00e1ndole de que se utilizan cookies y tecnolog\u00edas similares. Al hacer clic en \"Aceptar todo\", indica que comprende y acepta el uso de estas tecnolog\u00edas, tal como se describe en esta Pol\u00edtica de cookies. Al hacer clic en \"Configuraci\u00f3n\", puede optar por aceptar o rechazar cookies espec\u00edficas.<\/p>\n<p>Puede retirar su consentimiento en cualquier momento. La mayor\u00eda de los navegadores le permiten rechazar o aceptar cookies. Tambi\u00e9n puede eliminar las cookies de la configuraci\u00f3n de su navegador. Tenga en cuenta que desactivar las cookies puede afectar a la funcionalidad de este sitio y de muchos otros que visite. Por lo tanto, le recomendamos que no desactive las cookies.<\/p>\n<p>Consulte los siguientes enlaces para saber c\u00f3mo gestionar, bloquear o eliminar las cookies de los navegadores m\u00e1s populares:<\/p>\n<p>Microsoft Internet Explorer:<br \/>\n<a href=\"https:\/\/support.microsoft.com\/en-gb\/help\/17442\/windows-internet-explorer-delete-manage-cookies\">https:\/\/support.microsoft.com\/en-gb\/help\/17442\/windows-internet-explorer-delete-manage-cookies<\/a><\/p>\n<p>Google Chrome:<br \/>\n<a href=\"https:\/\/support.google.com\/chrome\/answer\/95647?co=GENIE.Platform%3DDesktop&amp;hl=en\">https:\/\/support.google.com\/chrome\/answer\/95647?co=GENIE.Platform%3DDesktop&amp;hl=en<\/a><\/p>\n<p>Mozilla Firefox:<br \/>\n<a href=\"https:\/\/support.mozilla.org\/en-US\/kb\/enable-and-disable-cookies-website-preferences\">https:\/\/support.mozilla.org\/en-US\/kb\/enable-and-disable-cookies-website-preferences<\/a><\/p>\n<p>Safari de Apple:<br \/>\n<a href=\"https:\/\/support.apple.com\/en-gb\/guide\/safari\/sfri11471\/mac\">https:\/\/support.apple.com\/en-gb\/guide\/safari\/sfri11471\/mac<\/a><\/p>\n<p>Para obtener m\u00e1s informaci\u00f3n sobre c\u00f3mo gestionar y eliminar cookies, visite aboutcookies.org. Para m\u00e1s detalles sobre sus opciones en relaci\u00f3n con el uso de su actividad de navegaci\u00f3n web para publicidad basada en intereses, puede visitar los siguientes sitios:<\/p>\n<ul>\n<li>networkadvertising.org<\/li>\n<li>optout.aboutads.info<\/li>\n<li>youradchoices.com<\/li>\n<li>youronlinechoices.eu<\/li>\n<\/ul>\n<h2>General<\/h2>\n<p class=\"general\">Es posible que modifiquemos esta pol\u00edtica de vez en cuando. Por favor, compruebe esta pol\u00edtica con regularidad para cualquier cambio. Nuestro sitio est\u00e1 alojado en Strikingly Inc. Ellos nos proporcionan la\u00a0<a href=\"https:\/\/fr.strikingly.com\/\">plataforma en l\u00ednea<\/a>\u00a0que nos permite\u00a0<a href=\"https:\/\/fr.strikingly.com\/\">crear un sitio<\/a>.<\/p>\n<p>Las cookies son una de las formas en que cumplimos con las directrices del GDPR. Para obtener m\u00e1s informaci\u00f3n sobre Strikingly, puede que le resulten \u00fatiles los siguientes enlaces:\u00a0<a href=\"https:\/\/www.youtube.com\/channel\/UC4I-TRQbiWfEdDvldAXg5ew\" target=\"_blank\" rel=\"noopener\">Youtube<\/a>\u00a0<a href=\"https:\/\/www.facebook.com\/strikingly\/\" target=\"_blank\" rel=\"noopener\">Facebook<\/a>\u00a0<a href=\"https:\/\/twitter.com\/strikingly\" target=\"_blank\" rel=\"noopener\">Twitter<\/a>\u00a0<a href=\"https:\/\/www.sxl.cn\/\" target=\"_blank\" rel=\"noopener\">SXL<\/a><\/p>","protected":false},"excerpt":{"rendered":"<p>Politique sur les cookies Qu&rsquo;est-ce que sont les cookies ? Les cookies sont de petits fichiers de donn\u00e9es (fichiers de m\u00e9moire) stock\u00e9s sur votre ordinateur ou votre appareil via votre navigateur par les sites que vous visitez. Comme c&rsquo;est la pratique courante sur presque tous les sites Web, ce site utilise des cookies pour am\u00e9liorer [&hellip;]<\/p>","protected":false},"author":1,"featured_media":0,"parent":0,"menu_order":0,"comment_status":"closed","ping_status":"closed","template":"","meta":{"footnotes":""},"class_list":["post-687","page","type-page","status-publish","hentry"],"_links":{"self":[{"href":"https:\/\/dolce-villa.com\/es\/wp-json\/wp\/v2\/pages\/687","targetHints":{"allow":["GET"]}}],"collection":[{"href":"https:\/\/dolce-villa.com\/es\/wp-json\/wp\/v2\/pages"}],"about":[{"href":"https:\/\/dolce-villa.com\/es\/wp-json\/wp\/v2\/types\/page"}],"author":[{"embeddable":true,"href":"https:\/\/dolce-villa.com\/es\/wp-json\/wp\/v2\/users\/1"}],"replies":[{"embeddable":true,"href":"https:\/\/dolce-villa.com\/es\/wp-json\/wp\/v2\/comments?post=687"}],"version-history":[{"count":2,"href":"https:\/\/dolce-villa.com\/es\/wp-json\/wp\/v2\/pages\/687\/revisions"}],"predecessor-version":[{"id":1061,"href":"https:\/\/dolce-villa.com\/es\/wp-json\/wp\/v2\/pages\/687\/revisions\/1061"}],"wp:attachment":[{"href":"https:\/\/dolce-villa.com\/es\/wp-json\/wp\/v2\/media?parent=687"}],"curies":[{"name":"wp","href":"https:\/\/api.w.org\/{rel}","templated":true}]}}