{"id":685,"date":"2024-04-15T16:27:42","date_gmt":"2024-04-15T16:27:42","guid":{"rendered":"https:\/?page_id=685"},"modified":"2024-08-27T23:36:31","modified_gmt":"2024-08-27T23:36:31","slug":"mention-legales","status":"publish","type":"page","link":"https:\/\/dolce-villa.com\/es\/mention-legales\/","title":{"rendered":"Menciones legales"},"content":{"rendered":"<h2>Descargo de responsabilidad<\/h2>\n<p>Toda la informaci\u00f3n y los datos de nuestro sitio web han sido cuidadosamente comprobados y verificados por Websitegap (Dolce-Villa.com). Sin embargo, Dolce-Villa.com no se hace responsable de la exactitud, integridad y actualidad de esta informaci\u00f3n.<\/p>\n<p>Toda la informaci\u00f3n est\u00e1 destinada exclusivamente a informar a los visitantes sobre la oferta en l\u00ednea. Adem\u00e1s, la responsabilidad se limita a los casos de negligencia grave y dolo. Los respectivos proveedores son responsables de los sitios web de terceros a los que Dolce-Villa.com remite mediante hiperv\u00ednculos. Dolce-Villa.com no es responsable del contenido de estos sitios web de terceros.<\/p>\n<p>Tambi\u00e9n es posible que otro sitio enlace a Dolce-Villa.com sin el conocimiento de Dolce-Villa.com. Dolce-Villa.com no se hace responsable de la presentaci\u00f3n, el contenido o cualquier enlace a Dolce-Villa.com en sitios web de terceros.<\/p>\n<p>Dolce-Villa.com se reserva asimismo el derecho a modificar o completar la informaci\u00f3n facilitada. El contenido y la estructura del sitio web Dolce-Villa.com est\u00e1n protegidos por derechos de autor. Queda prohibida la reproducci\u00f3n de contenidos o datos, en particular el uso de textos, secciones de texto o material gr\u00e1fico sin el consentimiento previo por escrito de Dolce-Villa.com.<\/p>\n<p>Este sitio web utiliza Google Analytics, un servicio de an\u00e1lisis en l\u00ednea prestado por Google Inc (\"Google\"). Google Analytics utiliza \"cookies\", que son archivos de texto ubicados en su ordenador, para ayudar al website a analizar el uso que hacen los usuarios del sitio web. La informaci\u00f3n que genera la cookie de Google Analytics acerca de su uso de este sitio web (incluyendo su direcci\u00f3n IP) ser\u00e1 directamente transmitida y archivada por Google Inc. en los servidores de Estados Unidos. Google usar\u00e1 esta informaci\u00f3n por cuenta nuestra con el prop\u00f3sito de seguir la pista de su uso del website, recopilando informes de la actividad del website y prestando otros servicios relacionados con la actividad del website y el uso de Internet. Google podr\u00e1 transmitir dicha informaci\u00f3n a terceros cuando as\u00ed se lo requiera la legislaci\u00f3n, o cuando dichos terceros procesen la informaci\u00f3n por cuenta de Google. Puede Usted rechazar el tratamiento de los datos o la informaci\u00f3n rechazando el uso de cookies mediante la selecci\u00f3n de la configuraci\u00f3n apropiada de su navegador, sin embargo, debe Usted saber que si lo hace puede ser que no pueda usar la plena funcionabilidad de este website. No obstante, tenga en cuenta que si lo hace es posible que no pueda utilizar todas las funciones de este sitio web. Al utilizar este website Usted consiente el tratamiento de informaci\u00f3n acerca de Usted por Google en la forma y para los fines arriba indicados.<\/p>\n<h3>Responsable del contenido<\/h3>\n<p>P\u00e1gina web<br \/>\nRue de la Maison Blanche, 3<br \/>\n6730 - Tintigny<br \/>\nB\u00e9lgica<\/p>\n<p><u><a href=\"\/es\/info@websitegap.com\/\">info@websitegap.com<\/a><\/u><br \/>\n<u><a href=\"http:\/\/www.websitegap.com\">www.websitegap.com<\/a><\/u><\/p>\n<p><strong>N\u00famero de IVA<\/strong>:<br \/>\nBE 0848.622.217<\/p>\n<p><strong>Sede central<\/strong>:<br \/>\nRue de la Maison Blanche, 3 B-6730 - Tintigny<\/p>","protected":false},"excerpt":{"rendered":"<p>Avis de non-responsabilit\u00e9s Toutes les informations et donn\u00e9es reprises dans notre site Web ont \u00e9t\u00e9 soigneusement contr\u00f4l\u00e9es et v\u00e9rifi\u00e9es par Websitegap (Dolce-Villa.com). Ces informations constituent un service de Dolce-Villa.com ne peut toutefois pas \u00eatre tenue pour responsable de l\u02bcexactitude, de l&rsquo;exhaustivit\u00e9 et de l&rsquo;actualit\u00e9 de ces informations. Toutes les informations sont exclusivement destin\u00e9es \u00e0 informer [&hellip;]<\/p>","protected":false},"author":1,"featured_media":0,"parent":0,"menu_order":0,"comment_status":"closed","ping_status":"closed","template":"","meta":{"footnotes":""},"class_list":["post-685","page","type-page","status-publish","hentry"],"_links":{"self":[{"href":"https:\/\/dolce-villa.com\/es\/wp-json\/wp\/v2\/pages\/685","targetHints":{"allow":["GET"]}}],"collection":[{"href":"https:\/\/dolce-villa.com\/es\/wp-json\/wp\/v2\/pages"}],"about":[{"href":"https:\/\/dolce-villa.com\/es\/wp-json\/wp\/v2\/types\/page"}],"author":[{"embeddable":true,"href":"https:\/\/dolce-villa.com\/es\/wp-json\/wp\/v2\/users\/1"}],"replies":[{"embeddable":true,"href":"https:\/\/dolce-villa.com\/es\/wp-json\/wp\/v2\/comments?post=685"}],"version-history":[{"count":4,"href":"https:\/\/dolce-villa.com\/es\/wp-json\/wp\/v2\/pages\/685\/revisions"}],"predecessor-version":[{"id":992,"href":"https:\/\/dolce-villa.com\/es\/wp-json\/wp\/v2\/pages\/685\/revisions\/992"}],"wp:attachment":[{"href":"https:\/\/dolce-villa.com\/es\/wp-json\/wp\/v2\/media?parent=685"}],"curies":[{"name":"wp","href":"https:\/\/api.w.org\/{rel}","templated":true}]}}