{"id":687,"date":"2024-04-15T16:29:34","date_gmt":"2024-04-15T16:29:34","guid":{"rendered":"https:\/?page_id=687"},"modified":"2024-08-27T23:36:44","modified_gmt":"2024-08-27T23:36:44","slug":"parametres-des-cookies","status":"publish","type":"page","link":"https:\/\/dolce-villa.com\/de\/parametres-des-cookies\/","title":{"rendered":"Cookie-Einstellungen"},"content":{"rendered":"<h1>Cookie-Richtlinie<\/h1>\n<h2>Was sind Cookies?<\/h2>\n<p>Cookies sind kleine Datendateien (Speicherdateien), die von den Websites, die Sie besuchen, \u00fcber Ihren Browser auf Ihrem Computer oder Ger\u00e4t gespeichert werden. Wie auf fast allen Websites \u00fcblich, verwendet diese Website Cookies, um Ihre Erfahrung zu verbessern, indem sie sich Ihre Einstellungen merkt und andere auf Cookies basierende Funktionen (z. B. Analysen) aktiviert, entweder f\u00fcr einen einzelnen Besuch (\u00fcber ein \"Sitzungscookie\") oder f\u00fcr mehrere wiederholte Besuche (\u00fcber ein \"permanentes Cookie\").<\/p>\n<h2>Unsere Cookies<\/h2>\n<p>Wir verwenden Cookies f\u00fcr verschiedene Zwecke.<\/p>\n<ul>\n<li>Wenn Sie Daten \u00fcber ein Formular \u00fcbermitteln, wie Sie es auf den Kontaktseiten, in den Kommentarformularen oder beim Abonnement des Blogs finden, k\u00f6nnen Cookies eingerichtet werden, um Ihre Benutzerdetails f\u00fcr zuk\u00fcnftige Korrespondenz zu speichern.<\/li>\n<li>Wenn Sie Informationen \u00fcber ein Live-Chat-Widget \u00fcbermitteln, k\u00f6nnen Cookies eingerichtet werden, um Ihre Benutzerdetails zu speichern, damit Sie eine Unterhaltung fortsetzen k\u00f6nnen, wenn Sie das n\u00e4chste Mal auf die Website zur\u00fcckkehren.<\/li>\n<li>Wenn Sie Artikel \u00fcber Ecommerce kaufen, k\u00f6nnen Cookies eingerichtet werden, damit Sie Produkte in Ihren Warenkorb legen k\u00f6nnen, die Seite f\u00fcr das von Ihnen verwendete Ger\u00e4t angezeigt wird, Ihre Angaben \u00fcberpr\u00fcft werden, wenn Sie eine Bestellung aufgeben, und damit wir die Zahlung f\u00fcr eine Bestellung abwickeln k\u00f6nnen.<\/li>\n<\/ul>\n<h2>Cookies von Dritten<\/h2>\n<p>In besonderen F\u00e4llen verwenden wir auch Cookies, die von vertrauensw\u00fcrdigen Dritten wie Google Analytics bereitgestellt werden. Analysen von Drittanbietern werden verwendet, um die Nutzung dieser Website zu verfolgen und zu messen, damit wir weiterhin attraktive Inhalte produzieren k\u00f6nnen.<\/p>\n<h2>Verwaltung von Cookies<\/h2>\n<p>Wenn Sie eine Website zum ersten Mal aufrufen, erhalten Sie m\u00f6glicherweise eine Nachricht, die Sie dar\u00fcber informiert, dass Cookies und \u00e4hnliche Technologien verwendet werden. Indem Sie auf \"Alles akzeptieren\" klicken, geben Sie an, dass Sie die Verwendung dieser Technologien, wie in dieser Cookie-Richtlinie beschrieben, verstanden haben und damit einverstanden sind. Wenn Sie auf \"Einstellungen\" klicken, k\u00f6nnen Sie w\u00e4hlen, ob Sie bestimmte Cookies akzeptieren oder ablehnen m\u00f6chten.<\/p>\n<p>Sie k\u00f6nnen Ihre Zustimmung jederzeit widerrufen. Die meisten Browser bieten Ihnen die M\u00f6glichkeit, Cookies abzulehnen oder anzunehmen. Sie k\u00f6nnen Cookies auch aus den Einstellungen Ihres Browsers l\u00f6schen. Beachten Sie, dass die Deaktivierung von Cookies die Funktionalit\u00e4t dieser Website und vieler anderer Websites, die Sie besuchen, beeintr\u00e4chtigen kann. Daher wird empfohlen, Cookies nicht zu deaktivieren.<\/p>\n<p>Bitte lesen Sie die folgenden Links, um zu erfahren, wie Sie Cookies f\u00fcr die g\u00e4ngigsten Browser verwalten, blockieren oder l\u00f6schen k\u00f6nnen :<\/p>\n<p>Microsoft Internet Explorer:<br \/>\n<a href=\"https:\/\/support.microsoft.com\/en-gb\/help\/17442\/windows-internet-explorer-delete-manage-cookies\">https:\/\/support.microsoft.com\/en-gb\/help\/17442\/windows-internet-explorer-delete-manage-cookies<\/a><\/p>\n<p>Google Chrome:<br \/>\n<a href=\"https:\/\/support.google.com\/chrome\/answer\/95647?co=GENIE.Platform%3DDesktop&amp;hl=en\">https:\/\/support.google.com\/chrome\/answer\/95647?co=GENIE.Platform%3DDesktop&amp;hl=en<\/a><\/p>\n<p>Mozilla Firefox:<br \/>\n<a href=\"https:\/\/support.mozilla.org\/en-US\/kb\/enable-and-disable-cookies-website-preferences\">https:\/\/support.mozilla.org\/en-US\/kb\/enable-and-disable-cookies-website-preferences<\/a><\/p>\n<p>Apple Safari:<br \/>\n<a href=\"https:\/\/support.apple.com\/en-gb\/guide\/safari\/sfri11471\/mac\">https:\/\/support.apple.com\/en-gb\/guide\/safari\/sfri11471\/mac<\/a><\/p>\n<p>Weitere Informationen dar\u00fcber, wie Sie Cookies verwalten und l\u00f6schen k\u00f6nnen, finden Sie auf der Website aboutcookies.org. Weitere Einzelheiten zu Ihren Wahlm\u00f6glichkeiten bez\u00fcglich der Nutzung Ihrer Webbrowser-Aktivit\u00e4ten f\u00fcr interessenbasierte Werbung finden Sie auf den folgenden Websites:<\/p>\n<ul>\n<li>networkadvertising.org<\/li>\n<li>optout.aboutads.info<\/li>\n<li>youradchoices.com<\/li>\n<li>youronlinechoices.eu<\/li>\n<\/ul>\n<h2>General<\/h2>\n<p class=\"general\">We may edit this policy from time to time. Bitte \u00fcberpr\u00fcfen Sie diese Richtlinie regelm\u00e4\u00dfig auf \u00c4nderungen. Unsere Website wird von Strikingly Inc. gehostet, die uns mit dem\u00a0<a href=\"https:\/\/fr.strikingly.com\/\">Online-Plattform<\/a>\u00a0die es uns erm\u00f6glicht\u00a0<a href=\"https:\/\/fr.strikingly.com\/\">eine Seite erstellen<\/a>.<\/p>\n<p>Cookies sind eines der Mittel, mit denen wir die Richtlinien der GDPR einhalten. Wenn Sie mehr \u00fcber Strikingly erfahren m\u00f6chten, k\u00f6nnen die folgenden Links hilfreich sein:\u00a0<a href=\"https:\/\/www.youtube.com\/channel\/UC4I-TRQbiWfEdDvldAXg5ew\" target=\"_blank\" rel=\"noopener\">Youtube<\/a>\u00a0<a href=\"https:\/\/www.facebook.com\/strikingly\/\" target=\"_blank\" rel=\"noopener\">Facebook<\/a>\u00a0<a href=\"https:\/\/twitter.com\/strikingly\" target=\"_blank\" rel=\"noopener\">Twitter<\/a>\u00a0<a href=\"https:\/\/www.sxl.cn\/\" target=\"_blank\" rel=\"noopener\">SXL<\/a><\/p>","protected":false},"excerpt":{"rendered":"<p>Politique sur les cookies Qu&rsquo;est-ce que sont les cookies ? Les cookies sont de petits fichiers de donn\u00e9es (fichiers de m\u00e9moire) stock\u00e9s sur votre ordinateur ou votre appareil via votre navigateur par les sites que vous visitez. Comme c&rsquo;est la pratique courante sur presque tous les sites Web, ce site utilise des cookies pour am\u00e9liorer [&hellip;]<\/p>","protected":false},"author":1,"featured_media":0,"parent":0,"menu_order":0,"comment_status":"closed","ping_status":"closed","template":"","meta":{"footnotes":""},"class_list":["post-687","page","type-page","status-publish","hentry"],"_links":{"self":[{"href":"https:\/\/dolce-villa.com\/de\/wp-json\/wp\/v2\/pages\/687","targetHints":{"allow":["GET"]}}],"collection":[{"href":"https:\/\/dolce-villa.com\/de\/wp-json\/wp\/v2\/pages"}],"about":[{"href":"https:\/\/dolce-villa.com\/de\/wp-json\/wp\/v2\/types\/page"}],"author":[{"embeddable":true,"href":"https:\/\/dolce-villa.com\/de\/wp-json\/wp\/v2\/users\/1"}],"replies":[{"embeddable":true,"href":"https:\/\/dolce-villa.com\/de\/wp-json\/wp\/v2\/comments?post=687"}],"version-history":[{"count":2,"href":"https:\/\/dolce-villa.com\/de\/wp-json\/wp\/v2\/pages\/687\/revisions"}],"predecessor-version":[{"id":1061,"href":"https:\/\/dolce-villa.com\/de\/wp-json\/wp\/v2\/pages\/687\/revisions\/1061"}],"wp:attachment":[{"href":"https:\/\/dolce-villa.com\/de\/wp-json\/wp\/v2\/media?parent=687"}],"curies":[{"name":"wp","href":"https:\/\/api.w.org\/{rel}","templated":true}]}}