{"id":685,"date":"2024-04-15T16:27:42","date_gmt":"2024-04-15T16:27:42","guid":{"rendered":"https:\/?page_id=685"},"modified":"2024-08-27T23:36:31","modified_gmt":"2024-08-27T23:36:31","slug":"mention-legales","status":"publish","type":"page","link":"https:\/\/dolce-villa.com\/de\/mention-legales\/","title":{"rendered":"Rechtliche Hinweise"},"content":{"rendered":"<h2>Hinweise auf Haftungsausschl\u00fcsse<\/h2>\n<p>Alle in unsere Website aufgenommenen Informationen und Daten wurden von Websitegap (Dolce-Villa.com) sorgf\u00e4ltig gepr\u00fcft und verifiziert. Diese Informationen stellen einen Service von Dolce-Villa.com dar, Dolce-Villa.com kann jedoch nicht f\u00fcr die Richtigkeit, Vollst\u00e4ndigkeit und Aktualit\u00e4t dieser Informationen haftbar gemacht werden.<\/p>\n<p>Alle Informationen dienen ausschlie\u00dflich der Information des Besuchers \u00fcber das online pr\u00e4sentierte Angebot. Dar\u00fcber hinaus ist die Haftung auf F\u00e4lle von grober Fahrl\u00e4ssigkeit und Vorsatz beschr\u00e4nkt. F\u00fcr Webseiten Dritter, auf die Dolce-Villa.com per Hyperlink verweist, sind die jeweiligen Anbieter verantwortlich. Dolce-Villa.com ist f\u00fcr den Inhalt dieser Websites Dritter nicht verantwortlich.<\/p>\n<p>Dar\u00fcber hinaus ist es m\u00f6glich, dass eine andere Website ohne Wissen des Unternehmens auf Dolce-Villa.com verweist. Dolce-Villa.com ist nicht verantwortlich f\u00fcr die Darstellung, den Inhalt oder jegliche Verbindung zu Dolce-Villa.com in den Webseiten Dritter.<\/p>\n<p>Dolce-Villa.com beh\u00e4lt sich au\u00dferdem das Recht vor, \u00c4nderungen oder Erg\u00e4nzungen der bereitgestellten Informationen vorzunehmen. Inhalt und Struktur der Dolce-Villa.com-Website sind urheberrechtlich gesch\u00fctzt. Die Vervielf\u00e4ltigung von Inhalten oder Daten, insbesondere die Verwendung von Texten, Textteilen oder Bildmaterial ohne die vorherige schriftliche Zustimmung von Dolce-Villa.com ist untersagt.<\/p>\n<p>Diese Website benutzt Google Analytics, einen Online-Analysedienst der Google Inc. (\"Google\"). Google Analytics verwendet sog. \"Cookies\", Textdateien, die auf Ihrem Computer gespeichert werden und die eine Analyse der Benutzung der Website durch Sie erm\u00f6glichen. Die durch den Google Analytics-Cookie gesammelten Informationen \u00fcber Ihre Nutzung dieser Website (einschlie\u00dflich Ihrer IP-Adresse) werden an einen Server der Google Inc. in den USA \u00fcbertragen und dort gespeichert. Google wird diese Daten verwenden, um Ihre Nutzung der Website zu analysieren, um Berichte \u00fcber die Websiteaktivit\u00e4ten f\u00fcr die Websitebetreiber zu erstellen und um weitere Dienstleistungen im Zusammenhang mit der Nutzung der Website und des Internets anzubieten. Google kann diese Informationen gem\u00e4\u00df den gesetzlichen Bestimmungen an Dritte weitergeben oder wenn diese Dritten die Informationen im Auftrag von Google verarbeiten. Sie k\u00f6nnen die Installation von Cookies in den Einstellungen Ihres Browsers verhindern. Wir weisen Sie jedoch darauf hin, dass Sie in diesem Fall gegebenenfalls nicht s\u00e4mtliche Funktionen dieser Website vollumf\u00e4nglich nutzen k\u00f6nnen. Durch die Nutzung dieser Website erkl\u00e4ren Sie sich mit der Bearbeitung der \u00fcber Sie erhobenen Daten durch Google in der zuvor beschriebenen Art und Weise und zu dem zuvor benannten Zweck einverstanden.<\/p>\n<h3>Verantwortlich f\u00fcr den Inhalt<\/h3>\n<p>Websitegap<br \/>\nRue de la Maison Blanche, 3<br \/>\n6730 - Tintigny<br \/>\nBelgien<\/p>\n<p><u><a href=\"\/de\/info@websitegap.com\/\">info@websitegap.com<\/a><\/u><br \/>\n<u><a href=\"http:\/\/www.websitegap.com\">www.websitegap.com<\/a><\/u><\/p>\n<p><strong>Umsatzsteuer-Identifikationsnummer<\/strong>:<br \/>\nBE 0848.622.217<\/p>\n<p><strong>Hauptsitz<\/strong>:<br \/>\nRue de la Maison Blanche, 3 B-6730 - Tintigny<\/p>","protected":false},"excerpt":{"rendered":"<p>Avis de non-responsabilit\u00e9s Toutes les informations et donn\u00e9es reprises dans notre site Web ont \u00e9t\u00e9 soigneusement contr\u00f4l\u00e9es et v\u00e9rifi\u00e9es par Websitegap (Dolce-Villa.com). Ces informations constituent un service de Dolce-Villa.com ne peut toutefois pas \u00eatre tenue pour responsable de l\u02bcexactitude, de l&rsquo;exhaustivit\u00e9 et de l&rsquo;actualit\u00e9 de ces informations. Toutes les informations sont exclusivement destin\u00e9es \u00e0 informer [&hellip;]<\/p>","protected":false},"author":1,"featured_media":0,"parent":0,"menu_order":0,"comment_status":"closed","ping_status":"closed","template":"","meta":{"footnotes":""},"class_list":["post-685","page","type-page","status-publish","hentry"],"_links":{"self":[{"href":"https:\/\/dolce-villa.com\/de\/wp-json\/wp\/v2\/pages\/685","targetHints":{"allow":["GET"]}}],"collection":[{"href":"https:\/\/dolce-villa.com\/de\/wp-json\/wp\/v2\/pages"}],"about":[{"href":"https:\/\/dolce-villa.com\/de\/wp-json\/wp\/v2\/types\/page"}],"author":[{"embeddable":true,"href":"https:\/\/dolce-villa.com\/de\/wp-json\/wp\/v2\/users\/1"}],"replies":[{"embeddable":true,"href":"https:\/\/dolce-villa.com\/de\/wp-json\/wp\/v2\/comments?post=685"}],"version-history":[{"count":4,"href":"https:\/\/dolce-villa.com\/de\/wp-json\/wp\/v2\/pages\/685\/revisions"}],"predecessor-version":[{"id":992,"href":"https:\/\/dolce-villa.com\/de\/wp-json\/wp\/v2\/pages\/685\/revisions\/992"}],"wp:attachment":[{"href":"https:\/\/dolce-villa.com\/de\/wp-json\/wp\/v2\/media?parent=685"}],"curies":[{"name":"wp","href":"https:\/\/api.w.org\/{rel}","templated":true}]}}